{"id":7950,"date":"2016-07-28T10:46:34","date_gmt":"2016-07-28T10:46:34","guid":{"rendered":"http:\/\/themicart.com\/interico-wp\/?page_id=15"},"modified":"2023-07-11T15:03:13","modified_gmt":"2023-07-11T15:03:13","slug":"over-ons-bedrijf","status":"publish","type":"page","link":"https:\/\/badkamers.frl\/wordpress\/over-ons-bedrijf\/","title":{"rendered":"Over ons bedrijf"},"content":{"rendered":"<div id=\"pl-7950\"  class=\"panel-layout\" ><div id=\"pg-7950-0\"  class=\"panel-grid panel-has-style\" ><div class=\"overlapped spaced-bot siteorigin-panels-stretch panel-row-style panel-row-style-for-7950-0\" data-stretch-type=\"full\" ><div id=\"pgc-7950-0-0\"  class=\"panel-grid-cell\" ><div id=\"panel-7950-0-0-0\" class=\"so-panel widget widget_black-studio-tinymce widget_black_studio_tinymce panel-first-child panel-last-child\" data-index=\"0\" ><div class=\"textwidget\"><p><img loading=\"lazy\" decoding=\"async\" class=\"alignnone size-medium wp-image-12783\" src=\"https:\/\/badkamers.frl\/wordpress\/wp-content\/uploads\/2023\/07\/Voorkant-winkel-300x300.jpg\" alt=\"\" width=\"300\" height=\"300\" srcset=\"https:\/\/badkamers.frl\/wordpress\/wp-content\/uploads\/2023\/07\/Voorkant-winkel-300x300.jpg 300w, https:\/\/badkamers.frl\/wordpress\/wp-content\/uploads\/2023\/07\/Voorkant-winkel-150x150.jpg 150w, https:\/\/badkamers.frl\/wordpress\/wp-content\/uploads\/2023\/07\/Voorkant-winkel-72x72.jpg 72w, https:\/\/badkamers.frl\/wordpress\/wp-content\/uploads\/2023\/07\/Voorkant-winkel-100x100.jpg 100w\" sizes=\"auto, (max-width: 300px) 100vw, 300px\" \/><\/p>\n<h2 style=\"text-align: left;\"><strong><strong>IKSOPAR<\/strong><br \/>\n<em>badkamers en tegels<\/em> <\/strong><\/h2>\n<div class=\"dash style-dark\"><\/div>\n<p>Kom gerust langs in onze showroom en doe inspiratie op!<\/p>\n<p>Wilt u graag persoonlijk advies? Neemt u dan contact op voor een vrijblijvende afspraak met \u00e9\u00e9n van onze adviseurs.<\/p>\n<\/div><\/div><\/div><div id=\"pgc-7950-0-1\"  class=\"panel-grid-cell\" ><div id=\"panel-7950-0-1-0\" class=\"so-panel widget widget_black-studio-tinymce widget_black_studio_tinymce panel-first-child panel-last-child\" data-index=\"1\" ><div class=\"textwidget\"><p>IKSOPAR is een showroom met tegels, sanitair en tegelmaterialen.<\/p>\n<p>In 2005 zijn wij onze onderneming begonnen als Tegelzetbedrijf &amp; Tegelhandel Raposki in Sint Nicolaasga. Onze opdrachtgevers voor onze tegelzetbedrijf bestaan uit particulieren, aannemers en overheidsinstanties.<\/p>\n<p>Doordat er steeds meer behoefte ontstond bij onze particulieren klanten naar complete badkamers hebben wij onze onderneming in 2010 uitgebreid met een fysieke winkel in tegels en sanitair onder de naam IKSOPAR tegels, sanitair en tegelmaterialen.<\/p>\n<p>IKSOPAR heeft 'alles onder \u00e9\u00e9n dak' dus hoeft u niet met verschillende bedrijven telkens weer uw idee\u00ebn en wensen te bespreken en zorgen te maken of de planning wel goed verloopt.<\/p>\n<p>Als familiebedrijf zijn wij uiterst flexibel en bieden veel persoonlijke service tot en met de installatie en afwerking.<\/p>\n<\/div><\/div><\/div><div id=\"pgc-7950-0-2\"  class=\"panel-grid-cell\" ><div id=\"panel-7950-0-2-0\" class=\"so-panel widget widget_black-studio-tinymce widget_black_studio_tinymce panel-first-child panel-last-child\" data-index=\"2\" ><div class=\"textwidget\"><p>In onze showroom kunnen wij, samen met u, een complete badkamer en\/of toilet ontwerpen met tegels en sanitair. Dit kunnen wij doen door middel van een 3D tekening.<\/p>\n<p>We hebben een uitgebreide keuze aan sanitair en tegels. Op de begane grond hebben we verschillende opstellingen van badkamers en toiletten om inspiratie op te doen. Op de eerste verdieping van onze showroom vindt u de ruime collectie woontegels. Wij kunnen, samen met u, tegels uitzoeken die bij u wensen past. Of het nu gaat om een woonkamervloer, bijkeuken, badkamer, toiletruimte of keuken; Voor elk verblijf hebben wij diverse karaktervolle vloer- en wandtegels in verschillende kleuren en afmetingen.<\/p>\n<p>Wij zijn trots dat IKSOPAR onderscheidend is met onze praktische achtergrond, service en kwaliteitsproducten.<\/p>\n<p>&nbsp;<\/p>\n<\/div><\/div><\/div><div id=\"pgc-7950-0-3\"  class=\"panel-grid-cell\" ><div id=\"panel-7950-0-3-0\" class=\"so-panel widget widget_black-studio-tinymce widget_black_studio_tinymce panel-first-child panel-last-child\" data-index=\"3\" ><div class=\"textwidget\"><p>Onze diensten zijn zeer uitgebreid. Hieronder volgen een aantal diensten die we voor u kunnen uitvoeren.<\/p>\n<p>Zit de dienst er niet tussen die u zoekt? Neemt u dan gerust contact met ons op en wie weet kunnen we iets voor u betekenen.<\/p>\n<p>-Advies in sanitair en tegels<\/p>\n<p>- Ontwerpen badkamer en toiletten<\/p>\n<p>-Complete badkamer en\/of toilet renovatie\/nieuwbouw<\/p>\n<p>-Stucwerkzaamheden wanden<\/p>\n<p>-Tegelwerkzaamheden vloer en wand<\/p>\n<p>-Kitwerkzaamheden<\/p>\n<p>-Vloerverwarming (traditioneel en elektrisch)<\/p>\n<p>-Plafonds badkamer en toilet (inclusief verlichting)<\/p>\n<\/div><\/div><\/div><\/div><\/div><div id=\"pg-7950-1\"  class=\"panel-grid panel-has-style\" ><div class=\"siteorigin-panels-stretch panel-row-style panel-row-style-for-7950-1\" data-stretch-type=\"full\" ><div id=\"pgc-7950-1-0\"  class=\"panel-grid-cell\" ><div id=\"panel-7950-1-0-0\" class=\"so-panel widget widget_siteorigin-panels-builder panel-first-child panel-last-child\" data-index=\"4\" ><div id=\"pl-w64a80e488d9a0\"  class=\"panel-layout\" ><div id=\"pg-w64a80e488d9a0-0\"  class=\"panel-grid panel-has-style\" ><div class=\"panel-row-style panel-row-style-for-w64a80e488d9a0-0\" ><div id=\"pgc-w64a80e488d9a0-0-0\"  class=\"panel-grid-cell\" ><div id=\"panel-w64a80e488d9a0-0-0-0\" class=\"so-panel widget widget_black-studio-tinymce widget_black_studio_tinymce panel-first-child panel-last-child\" data-index=\"0\" ><div class=\"textwidget\"><p style=\"text-align: center;\"><span class=\"subtitle dash-false style-light\">Wie zijn wij<\/span><\/p>\n\n<h2 style=\"text-align: center;\"><span style=\"color: #ffffff;\">Erol Raposki en Nynke Hylkema<\/span><\/h2>\n<h2 style=\"text-align: center;\"><div class=\"dash centered style-light\"><\/div><\/h2><\/div><\/div><\/div><\/div><\/div><div id=\"pg-w64a80e488d9a0-1\"  class=\"panel-grid panel-no-style\" ><div id=\"pgc-w64a80e488d9a0-1-0\"  class=\"panel-grid-cell\" ><div id=\"panel-w64a80e488d9a0-1-0-0\" class=\"so-panel widget panel-first-child panel-last-child\" data-index=\"1\" ><div class=\"animate animate-1 panel-widget-style panel-widget-style-for-w64a80e488d9a0-1-0-0\" ><\/div><\/div><\/div><div id=\"pgc-w64a80e488d9a0-1-1\"  class=\"panel-grid-cell\" ><div id=\"panel-w64a80e488d9a0-1-1-0\" class=\"so-panel widget panel-first-child panel-last-child\" data-index=\"2\" ><div class=\"animate animate-2 panel-widget-style panel-widget-style-for-w64a80e488d9a0-1-1-0\" ><\/div><\/div><\/div><\/div><\/div><\/div><\/div><\/div><\/div><div id=\"pg-7950-2\"  class=\"panel-grid panel-no-style\" ><div id=\"pgc-7950-2-0\"  class=\"panel-grid-cell\" ><div id=\"panel-7950-2-0-0\" class=\"so-panel widget widget_sow-editor panel-first-child panel-last-child\" data-index=\"5\" ><div class=\"shadow-box overlap-right animate animate-1 panel-widget-style panel-widget-style-for-7950-2-0-0\" ><div\n\t\t\t\n\t\t\tclass=\"so-widget-sow-editor so-widget-sow-editor-base\"\n\t\t\t\n\t\t>\n<div class=\"siteorigin-widget-tinymce textwidget\">\n\t<span class=\"subtitle dash-false style-dark\">Welkom in onze<\/span>\n<h2><strong>Prachtige showroom in Sint Nicolaasga<\/strong><\/h2>\n<div class=\"dash style-dark\"><\/div>\n<p>IKSOPAR neemt de tijd voor u; want elke klant is uniek. Wij nemen de tijd om, samen met u, verschillende mogelijkheden te bespreken om uw idee\u00ebn te realiseren. Zodat uw badkamer (of ander verblijf) wordt zoals u hem wilt, uiteraard met respect voor uw budget.<\/p>\n<p>Als familiebedrijf zijn wij uiterst flexibel en bieden veel persoonlijke service tot en met de installatie en afwerking.<\/p>\n<p>Doordat IKSOPAR 'alles onder \u00e9\u00e9n dak' heeft, hoeft u niet met verschillende bedrijven telkens weer uw idee\u00ebn en wensen te bespreken en zorgen te maken of de planning wel goed verloopt. Wij kunnen alles voor u regelen; van sloop tot aan de oplevering. Maar wilt u liever alles zelf doen; wij kunnen ook alleen de producten leveren.<\/p>\n<\/div>\n<\/div><\/div><\/div><\/div><div id=\"pgc-7950-2-1\"  class=\"panel-grid-cell\" ><div id=\"panel-7950-2-1-0\" class=\"so-panel widget widget_black-studio-tinymce widget_black_studio_tinymce panel-first-child panel-last-child\" data-index=\"6\" ><div class=\"animate animate-2 panel-widget-style panel-widget-style-for-7950-2-1-0\" ><div class=\"textwidget\"><a href=\"https:\/\/badkamers.frl\/wordpress\/wp-content\/uploads\/2018\/11\/over-ons-bedrijf-showroom1.jpg\"><img loading=\"lazy\" decoding=\"async\" class=\"alignnone wp-image-12089 size-full\" src=\"https:\/\/badkamers.frl\/wordpress\/wp-content\/uploads\/2018\/11\/over-ons-bedrijf-showroom1.jpg\" alt=\"\" width=\"560\" height=\"740\" \/><\/a><\/div><\/div><\/div><\/div><\/div><div id=\"pg-7950-3\"  class=\"panel-grid panel-no-style\" ><div id=\"pgc-7950-3-0\"  class=\"panel-grid-cell\" ><div id=\"panel-7950-3-0-0\" class=\"so-panel widget widget_black-studio-tinymce widget_black_studio_tinymce panel-first-child panel-last-child\" data-index=\"7\" ><div class=\"textwidget\"><div class=\"divider-light\"><\/div><\/div><\/div><\/div><\/div><div id=\"pg-7950-4\"  class=\"panel-grid panel-no-style\" ><div id=\"pgc-7950-4-0\"  class=\"panel-grid-cell\" ><div id=\"panel-7950-4-0-0\" class=\"so-panel widget widget_black-studio-tinymce widget_black_studio_tinymce panel-first-child panel-last-child\" data-index=\"8\" ><div class=\"animate animate-1 panel-widget-style panel-widget-style-for-7950-4-0-0\" ><div class=\"textwidget\"><h2 style=\"text-align: center;\"><strong>Meer van ons zien ?<\/strong><\/h2>\n<p style=\"text-align: center;\"><span class=\"subtitle dash-false style-dark\">Bekijk hieronder enkele van onze opgeleverde projecten<\/span><\/p>\n\n<div class=\"dash centered style-dark\"><\/div><\/div><\/div><\/div><\/div><\/div><div id=\"pg-7950-5\"  class=\"panel-grid panel-has-style\" ><div class=\"siteorigin-panels-stretch panel-row-style panel-row-style-for-7950-5\" data-stretch-type=\"full\" ><div id=\"pgc-7950-5-0\"  class=\"panel-grid-cell\" ><div id=\"panel-7950-5-0-0\" class=\"so-panel widget panel-first-child panel-last-child\" data-index=\"9\" ><\/div><\/div><\/div><\/div><\/div>","protected":false},"excerpt":{"rendered":"<p>IKSOPAR badkamers en tegels Kom gerust langs in onze showroom en doe inspiratie op! Wilt u graag persoonlijk advies? Neemt u dan contact op voor een vrijblijvende afspraak met \u00e9\u00e9n van onze adviseurs. IKSOPAR is een showroom met tegels, sanitair en tegelmaterialen. In 2005 zijn wij onze onderneming begonnen als Tegelzetbedrijf &amp; Tegelhandel Raposki in [&hellip;]<\/p>\n","protected":false},"author":1,"featured_media":0,"parent":0,"menu_order":0,"comment_status":"closed","ping_status":"closed","template":"","meta":{"footnotes":""},"class_list":["post-7950","page","type-page","status-publish","hentry"],"_links":{"self":[{"href":"https:\/\/badkamers.frl\/wordpress\/wp-json\/wp\/v2\/pages\/7950","targetHints":{"allow":["GET"]}}],"collection":[{"href":"https:\/\/badkamers.frl\/wordpress\/wp-json\/wp\/v2\/pages"}],"about":[{"href":"https:\/\/badkamers.frl\/wordpress\/wp-json\/wp\/v2\/types\/page"}],"author":[{"embeddable":true,"href":"https:\/\/badkamers.frl\/wordpress\/wp-json\/wp\/v2\/users\/1"}],"replies":[{"embeddable":true,"href":"https:\/\/badkamers.frl\/wordpress\/wp-json\/wp\/v2\/comments?post=7950"}],"version-history":[{"count":133,"href":"https:\/\/badkamers.frl\/wordpress\/wp-json\/wp\/v2\/pages\/7950\/revisions"}],"predecessor-version":[{"id":12906,"href":"https:\/\/badkamers.frl\/wordpress\/wp-json\/wp\/v2\/pages\/7950\/revisions\/12906"}],"wp:attachment":[{"href":"https:\/\/badkamers.frl\/wordpress\/wp-json\/wp\/v2\/media?parent=7950"}],"curies":[{"name":"wp","href":"https:\/\/api.w.org\/{rel}","templated":true}]}}