{"id":12240,"date":"2018-11-23T15:56:05","date_gmt":"2018-11-23T15:56:05","guid":{"rendered":"https:\/\/badkamers.frl\/wordpress\/?page_id=12240"},"modified":"2023-07-21T13:32:06","modified_gmt":"2023-07-21T13:32:06","slug":"showroom","status":"publish","type":"page","link":"https:\/\/badkamers.frl\/wordpress\/showroom\/","title":{"rendered":"Showroom"},"content":{"rendered":"<div id=\"pl-12240\"  class=\"panel-layout\" ><div id=\"pg-12240-0\"  class=\"panel-grid panel-no-style\" ><div id=\"pgc-12240-0-0\"  class=\"panel-grid-cell\" ><div id=\"panel-12240-0-0-0\" class=\"so-panel widget widget_sow-editor panel-first-child panel-last-child\" data-index=\"0\" ><div\n\t\t\t\n\t\t\tclass=\"so-widget-sow-editor so-widget-sow-editor-base\"\n\t\t\t\n\t\t>\n<div class=\"siteorigin-widget-tinymce textwidget\">\n\t<h2>D\u00e9 sanitair en tegelwinkel<\/h2>\n<p><span class=\"subtitle dash-true style-dark\"><strong>Spectaculair en tegels en sanitair<\/strong><\/span><\/p>\n<p><img loading=\"lazy\" decoding=\"async\" class=\"alignnone size-medium wp-image-12783\" src=\"https:\/\/badkamers.frl\/wordpress\/wp-content\/uploads\/2023\/07\/Voorkant-winkel-300x300.jpg\" alt=\"\" width=\"300\" height=\"300\" srcset=\"https:\/\/badkamers.frl\/wordpress\/wp-content\/uploads\/2023\/07\/Voorkant-winkel-300x300.jpg 300w, https:\/\/badkamers.frl\/wordpress\/wp-content\/uploads\/2023\/07\/Voorkant-winkel-150x150.jpg 150w, https:\/\/badkamers.frl\/wordpress\/wp-content\/uploads\/2023\/07\/Voorkant-winkel-72x72.jpg 72w, https:\/\/badkamers.frl\/wordpress\/wp-content\/uploads\/2023\/07\/Voorkant-winkel-100x100.jpg 100w\" sizes=\"auto, (max-width: 300px) 100vw, 300px\" \/><\/p>\n<\/div>\n<\/div><\/div><\/div><div id=\"pgc-12240-0-1\"  class=\"panel-grid-cell\" ><div id=\"panel-12240-0-1-0\" class=\"so-panel widget widget_sow-editor panel-first-child panel-last-child\" data-index=\"1\" ><div\n\t\t\t\n\t\t\tclass=\"so-widget-sow-editor so-widget-sow-editor-base\"\n\t\t\t\n\t\t>\n<div class=\"siteorigin-widget-tinymce textwidget\">\n\t<p>Onze showroom IKSOPAR is gevestigd in Sint Nicolaasga, Friesland. Wij bieden alles op het gebied van tegels en sanitair, van complete montage tot aan losse producten. IKSOPAR neemt graag de tijd voor u, om de verschillende mogelijkheden te bespreken. Als u niet telkens uw idee\u00ebn en wensen wilt uitleggen bent u bij ons aan het juiste adres. Het gemak van alles onder \u00e9\u00e9n dak<\/p>\n<p><b>Inspireer, ori\u00ebnteer en beleef<\/b><\/p>\n<div class=\"tw-column tw-one-half tw-column-first \">Wij bieden onderscheidende producten aan die niet overal verkrijgbaar zijn. Producten die van goede kwaliteit zijn. In onze showroom proberen we u te inspireren met nieuwe ideeen, soms simpele oplossingen maar ook gewaagde idee\u00ebn die het wow'-effect geven. Elke badkamer is voor de klant ontworpen. Er is geen klant gelijk dus ook de badkamers zijn altijd uniek.<\/div>\n<\/div>\n<\/div><\/div><\/div><div id=\"pgc-12240-0-2\"  class=\"panel-grid-cell\" ><div id=\"panel-12240-0-2-0\" class=\"so-panel widget widget_sow-editor panel-first-child panel-last-child\" data-index=\"2\" ><div\n\t\t\t\n\t\t\tclass=\"so-widget-sow-editor so-widget-sow-editor-base\"\n\t\t\t\n\t\t>\n<div class=\"siteorigin-widget-tinymce textwidget\">\n\t<div class=\"tw-column tw-one-half tw-column-first \">In onze showroom willen we graag de mensen meenemen in het gevoel van het product. Zoals de Geberit AquaClean is een goed voorbeeld van een product dat je eens moet \u2018beleven\u2019. De douche wc is een moderne versie van een toilet en bidet in \u00e9\u00e9n. Een douche wc heeft voordelen voor de reiniging, de hygi\u00ebne, maar ook voor de zelfredzaamheid van zorgbehoevende gebruikers, thuis en in een zorginstelling. Iksopar is sinds 2011 officieel partner van Geberit AquaClean. Wie de Geberit AquaClean belevenis wil ervaren, kan gebruikmaken van het gastentoilet bij Iksopar, dat is voorzien van een Geberit AquaClean Mera. Maar ook onze Hansgrohe opstelling met werkende kranen kan IKSOPAR u laten ervaren wat voor verschillen er zijn in de kranen, handdouches en douchekoppen. En heeft u al eens voor een Sunshower gestaan? Bij IKSOPAR kunt u dit weldadige gevoel ervaren in de showroom.<\/div>\n<p>&nbsp;<\/p>\n<p>IKSOPAR Badkamers en Tegels<br \/>\nIndustrieweg 3<br \/>\n8521 MB St. Nicolaasga<br \/>\n0513-435982<br \/>\ninfo@iksopar.nl<br \/>\n<a href=\"http:\/\/www.iksopar.nl\/\">www.iksopar.nl<\/a><\/p>\n<p>&nbsp;<\/p>\n<\/div>\n<\/div><\/div><\/div><\/div><div id=\"pg-12240-1\"  class=\"panel-grid panel-no-style\" ><div id=\"pgc-12240-1-0\"  class=\"panel-grid-cell\" ><div id=\"panel-12240-1-0-0\" class=\"so-panel widget widget_sow-editor panel-first-child panel-last-child\" data-index=\"3\" ><div\n\t\t\t\n\t\t\tclass=\"so-widget-sow-editor so-widget-sow-editor-base\"\n\t\t\t\n\t\t>\n<div class=\"siteorigin-widget-tinymce textwidget\">\n\t<p><img loading=\"lazy\" decoding=\"async\" class=\"alignnone size-medium wp-image-12956\" src=\"https:\/\/badkamers.frl\/wordpress\/wp-content\/uploads\/2023\/07\/20230627_141558-1-300x300.jpg\" alt=\"\" width=\"300\" height=\"300\" srcset=\"https:\/\/badkamers.frl\/wordpress\/wp-content\/uploads\/2023\/07\/20230627_141558-1-300x300.jpg 300w, https:\/\/badkamers.frl\/wordpress\/wp-content\/uploads\/2023\/07\/20230627_141558-1-150x150.jpg 150w, https:\/\/badkamers.frl\/wordpress\/wp-content\/uploads\/2023\/07\/20230627_141558-1-72x72.jpg 72w, https:\/\/badkamers.frl\/wordpress\/wp-content\/uploads\/2023\/07\/20230627_141558-1-100x100.jpg 100w\" sizes=\"auto, (max-width: 300px) 100vw, 300px\" \/><\/p>\n<\/div>\n<\/div><\/div><\/div><div id=\"pgc-12240-1-1\"  class=\"panel-grid-cell\" ><div id=\"panel-12240-1-1-0\" class=\"so-panel widget widget_sow-editor panel-first-child panel-last-child\" data-index=\"4\" ><div\n\t\t\t\n\t\t\tclass=\"so-widget-sow-editor so-widget-sow-editor-base\"\n\t\t\t\n\t\t>\n<div class=\"siteorigin-widget-tinymce textwidget\">\n\t<p><img loading=\"lazy\" decoding=\"async\" class=\"alignnone size-medium wp-image-12957\" src=\"https:\/\/badkamers.frl\/wordpress\/wp-content\/uploads\/2023\/07\/20230627_141005-300x300.jpg\" alt=\"\" width=\"300\" height=\"300\" srcset=\"https:\/\/badkamers.frl\/wordpress\/wp-content\/uploads\/2023\/07\/20230627_141005-300x300.jpg 300w, https:\/\/badkamers.frl\/wordpress\/wp-content\/uploads\/2023\/07\/20230627_141005-150x150.jpg 150w, https:\/\/badkamers.frl\/wordpress\/wp-content\/uploads\/2023\/07\/20230627_141005-72x72.jpg 72w, https:\/\/badkamers.frl\/wordpress\/wp-content\/uploads\/2023\/07\/20230627_141005-100x100.jpg 100w\" sizes=\"auto, (max-width: 300px) 100vw, 300px\" \/><\/p>\n<\/div>\n<\/div><\/div><\/div><div id=\"pgc-12240-1-2\"  class=\"panel-grid-cell\" ><div id=\"panel-12240-1-2-0\" class=\"so-panel widget widget_sow-editor panel-first-child panel-last-child\" data-index=\"5\" ><div\n\t\t\t\n\t\t\tclass=\"so-widget-sow-editor so-widget-sow-editor-base\"\n\t\t\t\n\t\t>\n<div class=\"siteorigin-widget-tinymce textwidget\">\n\t<p><img loading=\"lazy\" decoding=\"async\" class=\"alignnone size-medium wp-image-12958\" src=\"https:\/\/badkamers.frl\/wordpress\/wp-content\/uploads\/2023\/07\/20230627_141945-300x300.jpg\" alt=\"\" width=\"300\" height=\"300\" srcset=\"https:\/\/badkamers.frl\/wordpress\/wp-content\/uploads\/2023\/07\/20230627_141945-300x300.jpg 300w, https:\/\/badkamers.frl\/wordpress\/wp-content\/uploads\/2023\/07\/20230627_141945-150x150.jpg 150w, https:\/\/badkamers.frl\/wordpress\/wp-content\/uploads\/2023\/07\/20230627_141945-72x72.jpg 72w, https:\/\/badkamers.frl\/wordpress\/wp-content\/uploads\/2023\/07\/20230627_141945-100x100.jpg 100w\" sizes=\"auto, (max-width: 300px) 100vw, 300px\" \/><\/p>\n<\/div>\n<\/div><\/div><\/div><\/div><div id=\"pg-12240-2\"  class=\"panel-grid panel-has-style\" ><div class=\"siteorigin-panels-stretch panel-row-style panel-row-style-for-12240-2\" data-stretch-type=\"full\" ><div id=\"pgc-12240-2-0\"  class=\"panel-grid-cell\" ><div id=\"panel-12240-2-0-0\" class=\"so-panel widget widget_sow-editor panel-first-child panel-last-child\" data-index=\"6\" ><div class=\"animate animate-1 panel-widget-style panel-widget-style-for-12240-2-0-0\" ><div\n\t\t\t\n\t\t\tclass=\"so-widget-sow-editor so-widget-sow-editor-base\"\n\t\t\t\n\t\t>\n<div class=\"siteorigin-widget-tinymce textwidget\">\n\t<div id='gallery-1' class='gallery galleryid-12240 gallery-columns-5 gallery-size-medium'><figure class='gallery-item'>\n\t\t\t<div class='gallery-icon portrait'>\n\t\t\t\t<a href='https:\/\/badkamers.frl\/wordpress\/wp-content\/uploads\/2018\/11\/KEMI_Plan_DU_6.jpg'><img loading=\"lazy\" decoding=\"async\" width=\"300\" height=\"300\" src=\"https:\/\/badkamers.frl\/wordpress\/wp-content\/uploads\/2018\/11\/KEMI_Plan_DU_6-300x300.jpg\" class=\"attachment-medium size-medium\" alt=\"\" srcset=\"https:\/\/badkamers.frl\/wordpress\/wp-content\/uploads\/2018\/11\/KEMI_Plan_DU_6-300x300.jpg 300w, https:\/\/badkamers.frl\/wordpress\/wp-content\/uploads\/2018\/11\/KEMI_Plan_DU_6-150x150.jpg 150w, https:\/\/badkamers.frl\/wordpress\/wp-content\/uploads\/2018\/11\/KEMI_Plan_DU_6-72x72.jpg 72w, https:\/\/badkamers.frl\/wordpress\/wp-content\/uploads\/2018\/11\/KEMI_Plan_DU_6-100x100.jpg 100w\" sizes=\"auto, (max-width: 300px) 100vw, 300px\" \/><\/a>\n\t\t\t<\/div><\/figure><figure class='gallery-item'>\n\t\t\t<div class='gallery-icon portrait'>\n\t\t\t\t<a href='https:\/\/badkamers.frl\/wordpress\/wp-content\/uploads\/2018\/11\/KEMI_Plan_DU_Klappsitz_Winkelgriff_1_IXMO.jpg'><img loading=\"lazy\" decoding=\"async\" width=\"300\" height=\"300\" src=\"https:\/\/badkamers.frl\/wordpress\/wp-content\/uploads\/2018\/11\/KEMI_Plan_DU_Klappsitz_Winkelgriff_1_IXMO-300x300.jpg\" class=\"attachment-medium size-medium\" alt=\"\" srcset=\"https:\/\/badkamers.frl\/wordpress\/wp-content\/uploads\/2018\/11\/KEMI_Plan_DU_Klappsitz_Winkelgriff_1_IXMO-300x300.jpg 300w, https:\/\/badkamers.frl\/wordpress\/wp-content\/uploads\/2018\/11\/KEMI_Plan_DU_Klappsitz_Winkelgriff_1_IXMO-150x150.jpg 150w, https:\/\/badkamers.frl\/wordpress\/wp-content\/uploads\/2018\/11\/KEMI_Plan_DU_Klappsitz_Winkelgriff_1_IXMO-72x72.jpg 72w, https:\/\/badkamers.frl\/wordpress\/wp-content\/uploads\/2018\/11\/KEMI_Plan_DU_Klappsitz_Winkelgriff_1_IXMO-100x100.jpg 100w\" sizes=\"auto, (max-width: 300px) 100vw, 300px\" \/><\/a>\n\t\t\t<\/div><\/figure><figure class='gallery-item'>\n\t\t\t<div class='gallery-icon landscape'>\n\t\t\t\t<a href='https:\/\/badkamers.frl\/wordpress\/wp-content\/uploads\/2018\/11\/KEMI_Plan_DU_Klappsitz_Winkelgriff_3.jpg'><img loading=\"lazy\" decoding=\"async\" width=\"300\" height=\"300\" src=\"https:\/\/badkamers.frl\/wordpress\/wp-content\/uploads\/2018\/11\/KEMI_Plan_DU_Klappsitz_Winkelgriff_3-300x300.jpg\" class=\"attachment-medium size-medium\" alt=\"\" srcset=\"https:\/\/badkamers.frl\/wordpress\/wp-content\/uploads\/2018\/11\/KEMI_Plan_DU_Klappsitz_Winkelgriff_3-300x300.jpg 300w, https:\/\/badkamers.frl\/wordpress\/wp-content\/uploads\/2018\/11\/KEMI_Plan_DU_Klappsitz_Winkelgriff_3-150x150.jpg 150w, https:\/\/badkamers.frl\/wordpress\/wp-content\/uploads\/2018\/11\/KEMI_Plan_DU_Klappsitz_Winkelgriff_3-72x72.jpg 72w, https:\/\/badkamers.frl\/wordpress\/wp-content\/uploads\/2018\/11\/KEMI_Plan_DU_Klappsitz_Winkelgriff_3-100x100.jpg 100w\" sizes=\"auto, (max-width: 300px) 100vw, 300px\" \/><\/a>\n\t\t\t<\/div><\/figure><figure class='gallery-item'>\n\t\t\t<div class='gallery-icon landscape'>\n\t\t\t\t<a href='https:\/\/badkamers.frl\/wordpress\/wp-content\/uploads\/2018\/11\/KEMI_Plan_DU_Klappsitz_Winkelgriff_4.jpg'><img loading=\"lazy\" decoding=\"async\" width=\"300\" height=\"300\" src=\"https:\/\/badkamers.frl\/wordpress\/wp-content\/uploads\/2018\/11\/KEMI_Plan_DU_Klappsitz_Winkelgriff_4-300x300.jpg\" class=\"attachment-medium size-medium\" alt=\"\" srcset=\"https:\/\/badkamers.frl\/wordpress\/wp-content\/uploads\/2018\/11\/KEMI_Plan_DU_Klappsitz_Winkelgriff_4-300x300.jpg 300w, https:\/\/badkamers.frl\/wordpress\/wp-content\/uploads\/2018\/11\/KEMI_Plan_DU_Klappsitz_Winkelgriff_4-150x150.jpg 150w, https:\/\/badkamers.frl\/wordpress\/wp-content\/uploads\/2018\/11\/KEMI_Plan_DU_Klappsitz_Winkelgriff_4-72x72.jpg 72w, https:\/\/badkamers.frl\/wordpress\/wp-content\/uploads\/2018\/11\/KEMI_Plan_DU_Klappsitz_Winkelgriff_4-100x100.jpg 100w\" sizes=\"auto, (max-width: 300px) 100vw, 300px\" \/><\/a>\n\t\t\t<\/div><\/figure><figure class='gallery-item'>\n\t\t\t<div class='gallery-icon portrait'>\n\t\t\t\t<a href='https:\/\/badkamers.frl\/wordpress\/wp-content\/uploads\/2018\/11\/KEMI_Plan_DU_Klappsitz_Winkelgriff_10.jpg'><img loading=\"lazy\" decoding=\"async\" width=\"300\" height=\"300\" src=\"https:\/\/badkamers.frl\/wordpress\/wp-content\/uploads\/2018\/11\/KEMI_Plan_DU_Klappsitz_Winkelgriff_10-300x300.jpg\" class=\"attachment-medium size-medium\" alt=\"\" srcset=\"https:\/\/badkamers.frl\/wordpress\/wp-content\/uploads\/2018\/11\/KEMI_Plan_DU_Klappsitz_Winkelgriff_10-300x300.jpg 300w, https:\/\/badkamers.frl\/wordpress\/wp-content\/uploads\/2018\/11\/KEMI_Plan_DU_Klappsitz_Winkelgriff_10-150x150.jpg 150w, https:\/\/badkamers.frl\/wordpress\/wp-content\/uploads\/2018\/11\/KEMI_Plan_DU_Klappsitz_Winkelgriff_10-72x72.jpg 72w, https:\/\/badkamers.frl\/wordpress\/wp-content\/uploads\/2018\/11\/KEMI_Plan_DU_Klappsitz_Winkelgriff_10-100x100.jpg 100w\" sizes=\"auto, (max-width: 300px) 100vw, 300px\" \/><\/a>\n\t\t\t<\/div><\/figure>\n\t\t<\/div>\n\n<\/div>\n<\/div><\/div><\/div><\/div><\/div><\/div><\/div>","protected":false},"excerpt":{"rendered":"<p>D\u00e9 sanitair en tegelwinkel Spectaculair en tegels en sanitair Onze showroom IKSOPAR is gevestigd in Sint Nicolaasga, Friesland. Wij bieden alles op het gebied van tegels en sanitair, van complete montage tot aan losse producten. IKSOPAR neemt graag de tijd voor u, om de verschillende mogelijkheden te bespreken. Als u niet telkens uw idee\u00ebn en [&hellip;]<\/p>\n","protected":false},"author":1,"featured_media":0,"parent":0,"menu_order":0,"comment_status":"closed","ping_status":"closed","template":"","meta":{"footnotes":""},"class_list":["post-12240","page","type-page","status-publish","hentry"],"_links":{"self":[{"href":"https:\/\/badkamers.frl\/wordpress\/wp-json\/wp\/v2\/pages\/12240","targetHints":{"allow":["GET"]}}],"collection":[{"href":"https:\/\/badkamers.frl\/wordpress\/wp-json\/wp\/v2\/pages"}],"about":[{"href":"https:\/\/badkamers.frl\/wordpress\/wp-json\/wp\/v2\/types\/page"}],"author":[{"embeddable":true,"href":"https:\/\/badkamers.frl\/wordpress\/wp-json\/wp\/v2\/users\/1"}],"replies":[{"embeddable":true,"href":"https:\/\/badkamers.frl\/wordpress\/wp-json\/wp\/v2\/comments?post=12240"}],"version-history":[{"count":23,"href":"https:\/\/badkamers.frl\/wordpress\/wp-json\/wp\/v2\/pages\/12240\/revisions"}],"predecessor-version":[{"id":12963,"href":"https:\/\/badkamers.frl\/wordpress\/wp-json\/wp\/v2\/pages\/12240\/revisions\/12963"}],"wp:attachment":[{"href":"https:\/\/badkamers.frl\/wordpress\/wp-json\/wp\/v2\/media?parent=12240"}],"curies":[{"name":"wp","href":"https:\/\/api.w.org\/{rel}","templated":true}]}}